{"id":786,"date":"2021-03-13T14:04:13","date_gmt":"2021-03-13T14:04:13","guid":{"rendered":"https:\/\/minhphammakeup.com\/?page_id=786"},"modified":"2021-04-05T09:33:49","modified_gmt":"2021-04-05T09:33:49","slug":"about","status":"publish","type":"page","link":"https:\/\/minhphammakeup.com\/index.php\/about\/","title":{"rendered":"about"},"content":{"rendered":"\t\t<div data-elementor-type=\"wp-page\" data-elementor-id=\"786\" class=\"elementor elementor-786\">\n\t\t\t\t\t\t<section class=\"elementor-section elementor-top-section elementor-element elementor-element-1ce25d55 elementor-section-boxed elementor-section-height-default elementor-section-height-default\" data-id=\"1ce25d55\" data-element_type=\"section\" data-e-type=\"section\">\n\t\t\t\t\t\t<div class=\"elementor-container elementor-column-gap-default\">\n\t\t\t\t\t<div class=\"elementor-column elementor-col-100 elementor-top-column elementor-element elementor-element-37927392\" data-id=\"37927392\" data-element_type=\"column\" data-e-type=\"column\">\n\t\t\t<div class=\"elementor-widget-wrap\">\n\t\t\t\t\t\t\t<\/div>\n\t\t<\/div>\n\t\t\t\t\t<\/div>\n\t\t<\/section>\n\t\t\t\t<section class=\"elementor-section elementor-top-section elementor-element elementor-element-37815ee elementor-section-boxed elementor-section-height-default elementor-section-height-default\" data-id=\"37815ee\" data-element_type=\"section\" data-e-type=\"section\">\n\t\t\t\t\t\t<div class=\"elementor-container elementor-column-gap-default\">\n\t\t\t\t\t<div class=\"elementor-column elementor-col-100 elementor-top-column elementor-element elementor-element-8bbd808\" data-id=\"8bbd808\" data-element_type=\"column\" data-e-type=\"column\">\n\t\t\t<div class=\"elementor-widget-wrap\">\n\t\t\t\t\t\t\t<\/div>\n\t\t<\/div>\n\t\t\t\t\t<\/div>\n\t\t<\/section>\n\t\t\t\t<section class=\"elementor-section elementor-top-section elementor-element elementor-element-f313e4e elementor-section-full_width elementor-section-height-default elementor-section-height-default\" data-id=\"f313e4e\" data-element_type=\"section\" data-e-type=\"section\" data-settings=\"{&quot;background_background&quot;:&quot;classic&quot;}\">\n\t\t\t\t\t\t\t<div class=\"elementor-background-overlay\"><\/div>\n\t\t\t\t\t\t\t<div class=\"elementor-container elementor-column-gap-no\">\n\t\t\t\t\t<div class=\"elementor-column elementor-col-50 elementor-top-column elementor-element elementor-element-5c2cc14\" data-id=\"5c2cc14\" data-element_type=\"column\" data-e-type=\"column\" data-settings=\"{&quot;background_background&quot;:&quot;slideshow&quot;,&quot;background_slideshow_gallery&quot;:[],&quot;background_slideshow_loop&quot;:&quot;yes&quot;,&quot;background_slideshow_slide_duration&quot;:5000,&quot;background_slideshow_slide_transition&quot;:&quot;fade&quot;,&quot;background_slideshow_transition_duration&quot;:500}\">\n\t\t\t<div class=\"elementor-widget-wrap elementor-element-populated\">\n\t\t\t\t\t\t<div class=\"elementor-element elementor-element-ba2e0a3 elementor-widget elementor-widget-image\" data-id=\"ba2e0a3\" data-element_type=\"widget\" data-e-type=\"widget\" data-widget_type=\"image.default\">\n\t\t\t\t<div class=\"elementor-widget-container\">\n\t\t\t\t\t\t\t\t\t\t\t\t\t\t\t<img fetchpriority=\"high\" decoding=\"async\" width=\"640\" height=\"960\" src=\"https:\/\/minhphammakeup.com\/wp-content\/uploads\/2021\/03\/SETPROFILE1-683x1024.jpg\" class=\"attachment-large size-large wp-image-1676\" alt=\"\" srcset=\"https:\/\/minhphammakeup.com\/wp-content\/uploads\/2021\/03\/SETPROFILE1-683x1024.jpg 683w, https:\/\/minhphammakeup.com\/wp-content\/uploads\/2021\/03\/SETPROFILE1-200x300.jpg 200w, https:\/\/minhphammakeup.com\/wp-content\/uploads\/2021\/03\/SETPROFILE1-768x1151.jpg 768w, https:\/\/minhphammakeup.com\/wp-content\/uploads\/2021\/03\/SETPROFILE1-1025x1536.jpg 1025w, https:\/\/minhphammakeup.com\/wp-content\/uploads\/2021\/03\/SETPROFILE1.jpg 1174w\" sizes=\"(max-width: 640px) 100vw, 640px\" \/>\t\t\t\t\t\t\t\t\t\t\t\t\t\t\t<\/div>\n\t\t\t\t<\/div>\n\t\t\t\t<div class=\"elementor-element elementor-element-6b59c1d elementor-widget elementor-widget-heading\" data-id=\"6b59c1d\" data-element_type=\"widget\" data-e-type=\"widget\" data-widget_type=\"heading.default\">\n\t\t\t\t<div class=\"elementor-widget-container\">\n\t\t\t\t\t<h2 class=\"elementor-heading-title elementor-size-default\">makeup artist<\/h2>\t\t\t\t<\/div>\n\t\t\t\t<\/div>\n\t\t\t\t<div class=\"elementor-element elementor-element-9a73810 elementor-widget elementor-widget-text-editor\" data-id=\"9a73810\" data-element_type=\"widget\" data-e-type=\"widget\" data-widget_type=\"text-editor.default\">\n\t\t\t\t<div class=\"elementor-widget-container\">\n\t\t\t\t\t\t\t\t\t<p>MINH PH\u1ea0M<\/p>\t\t\t\t\t\t\t\t<\/div>\n\t\t\t\t<\/div>\n\t\t\t\t<div class=\"elementor-element elementor-element-79734b1 elementor-invisible elementor-widget elementor-widget-text-editor\" data-id=\"79734b1\" data-element_type=\"widget\" data-e-type=\"widget\" data-settings=\"{&quot;_animation&quot;:&quot;fadeIn&quot;,&quot;_animation_delay&quot;:300}\" data-widget_type=\"text-editor.default\">\n\t\t\t\t<div class=\"elementor-widget-container\">\n\t\t\t\t\t\t\t\t\t<p>Minh Pham is a professional makeup artist based in Hanoi, Vietnam. Since his early years, he found himself growing fond or art and beauty. He started pursuing the field as a designer as soon as 2009 in the age of 19 before discovering his affection and aptitude for the art of human face and body as a medium in 2012.<\/p><p>\u00a0<\/p><p>For the first 10 years of his beauty-making career, he participated in numerous domestic and international projects, giving tremendous amount of artistic services for customers from various genres including television, cinema, theatre, movie-making, commercials, fashion show, and several magazine such as \u0110\u1eb9p, Elle, Heritage.<\/p><p>\u00a0<\/p><p>With his aesthetic foundation and devotion, he possesses the sense of beauty and the adaptive ability to multiple kinds of styles. With out exception, he keeps on manifesting and creating his beauty ideas while exchanging techniques with the other make-up artists, also aiming to pass on the best to the next generation of make-up artists. \u201cEach person\u2019s face is a unique canvas and a unique challenge for the make-up artists\u2019 creativity to sparkle.\u201d &#8211; he cherishes each and every customer that comes bringing a precious oppotunity and inspiration for his creativity to spark and shimmer.<\/p>\t\t\t\t\t\t\t\t<\/div>\n\t\t\t\t<\/div>\n\t\t\t\t\t<\/div>\n\t\t<\/div>\n\t\t\t\t<div class=\"elementor-column elementor-col-50 elementor-top-column elementor-element elementor-element-8b695e4\" data-id=\"8b695e4\" data-element_type=\"column\" data-e-type=\"column\">\n\t\t\t<div class=\"elementor-widget-wrap elementor-element-populated\">\n\t\t\t\t\t\t<div class=\"elementor-element elementor-element-14c9c06 elementor-invisible elementor-widget elementor-widget-text-editor\" data-id=\"14c9c06\" data-element_type=\"widget\" data-e-type=\"widget\" data-settings=\"{&quot;_animation&quot;:&quot;fadeIn&quot;,&quot;_animation_delay&quot;:300}\" data-widget_type=\"text-editor.default\">\n\t\t\t\t<div class=\"elementor-widget-container\">\n\t\t\t\t\t\t\t\t\t<p class=\"p1\">Minh Ph\u1ea1m l\u00e0 chuy\u00ean vi\u00ean trang \u0111i\u1ec3m chuy\u00ean nghi\u1ec7p ho\u1ea1t \u0111\u1ed9ng t\u1ea1i Vi\u1ec7t Nam. Sinh ra v\u00e0 l\u1edbn l\u00ean t\u1ea1i H\u00e0 N\u1ed9i, Minh Ph\u1ea1m \u0111\u00e3 b\u1eaft \u0111\u1ea7u y\u00eau c\u00e1i \u0111\u1eb9p t\u1eeb khi c\u00f2n r\u1ea5t nh\u1ecf. N\u0103m 2009, anh b\u1eaft \u0111\u1ea7u \u0111i theo con \u0111\u01b0\u1eddng ngh\u1ec7 thu\u1eadt v\u1edbi t\u01b0 c\u00e1ch c\u1ee7a m\u1ed9t nh\u00e0 thi\u1ebft k\u1ebf cho t\u1edbi n\u0103m 2012 khi nh\u1eadn ra b\u1ea3n th\u00e2n c\u00f3 ni\u1ec1m \u0111am m\u00ea v\u00e0 n\u0103ng khi\u1ebfu \u0111\u1ed1i v\u1edbi m\u00f4n ngh\u1ec7 thu\u1eadt l\u1ea5y c\u01a1 th\u1ec3 ng\u01b0\u1eddi l\u00e0m ch\u1ea5t li\u1ec7u.<\/p><p class=\"p1\"><br><\/p>\n<p class=\"p1\">Trong 10 n\u0103m ti\u1ebfp theo, anh li\u00ean t\u1ee5c tham gia h\u00e0ng lo\u1ea1t d\u1ef1 \u00e1n trong n\u01b0\u1edbc v\u00e0 qu\u1ed1c t\u1ebf, mang l\u1ea1i c\u00e1i \u0111\u1eb9p v\u00e0 s\u1ef1 h\u00e0i l\u00f2ng t\u1edbi kh\u00e1ch h\u00e0ng t\u1edbi t\u1eeb nhi\u1ec1u l\u0129nh v\u1ef1c kh\u00e1c nhau nh\u01b0 s\u00e2n kh\u1ea5u, truy\u1ec1n h\u00ecnh, \u0111i\u1ec7n \u1ea3nh, l\u00e0m phim, qu\u1ea3ng c\u00e1o, c\u00e1c s\u00e0n di\u1ec5n th\u1eddi trang, v\u00e0 ph\u1ea3i k\u1ec3 \u0111\u1ebfn c\u00e1c t\u1ea1p ch\u00ed \u0110\u1eb9p, Elle, Heritage.<\/p><p class=\"p1\"><br><\/p>\n<p class=\"p1\">V\u1edbi ni\u1ec1m \u0111am m\u00ea s\u1eb5n c\u00f3 v\u00e0 n\u1ec1n t\u1ea3ng k\u1ef9 n\u0103ng \u0111\u01b0\u1ee3c b\u1ed3i \u0111\u1eafp kh\u00f4ng ng\u1eebng ngh\u1ec9, Minh Ph\u1ea1m s\u1edf h\u1eefu trong anh kh\u1ea3 n\u0103ng t\u01b0 duy v\u1ec1 l\u00e0m \u0111\u1eb9p c\u0169ng nh\u01b0 kh\u1ea3 n\u0103ng k\u1ebft n\u1ed1i m\u00ecnh v\u1edbi v\u00f4 s\u1ed1 phong c\u00e1ch kh\u00e1c nhau. Anh li\u00ean t\u1ee5c trau d\u1ed3i v\u00e0 trao \u0111\u1ed5i k\u1ef9 thu\u1eadt v\u1edbi c\u00e1c chuy\u00ean gia trang \u0111i\u1ec3m h\u00e0ng \u0111\u1ea7u kh\u00e1c, \u0111\u1ed3ng th\u1eddi th\u1ec3 hi\u1ec7n kh\u1ea3 n\u0103ng s\u00e1ng t\u1ea1o trong m\u00ecnh \u0111\u1ec3 mang c\u00e1i \u0111\u1eb9p t\u1edbi v\u1edbi kh\u00e1ch h\u00e0ng v\u00e0 \u0111\u1ec3 mang tri th\u1ee9c t\u1edbi c\u00e1c th\u1ebf h\u1ec7 chuy\u00ean vi\u00ean trang \u0111i\u1ec3m ti\u1ebfp n\u1ed1i.<\/p><p class=\"p1\"><br><\/p>\n<p class=\"p1\">&#8220;M\u1ed7i g\u01b0\u01a1ng m\u1eb7t l\u00e0 m\u1ed9t t\u00e1c ph\u1ea9m v\u00e0 c\u0169ng l\u00e0 m\u1ed9t th\u1eed th\u00e1ch \u0111\u1ec3 k\u00edch ho\u1ea1t b\u1ed9 \u00f3c s\u00e1ng t\u1ea1o c\u1ee7a m\u1ed9t chuy\u00ean gia&#8221; &#8211; Minh Ph\u1ea1m tr\u00e2n tr\u1ecdng t\u1eebng ng\u01b0\u1eddi t\u00ecm t\u1edbi anh \u0111\u1ec3 \u0111em l\u1ea1i m\u1ed9t c\u01a1 h\u1ed9i \u0111\u00e1ng gi\u00e1 cho kh\u1ea3 n\u0103ng s\u00e1ng t\u1ea1o \u0111\u01b0\u1ee3c ch\u00e2m ng\u00f2i t\u1ecfa s\u00e1ng<\/p>\t\t\t\t\t\t\t\t<\/div>\n\t\t\t\t<\/div>\n\t\t\t\t<section class=\"elementor-section elementor-inner-section elementor-element elementor-element-98dc15a elementor-section-boxed elementor-section-height-default elementor-section-height-default\" data-id=\"98dc15a\" data-element_type=\"section\" data-e-type=\"section\">\n\t\t\t\t\t\t<div class=\"elementor-container elementor-column-gap-default\">\n\t\t\t\t\t<div class=\"elementor-column elementor-col-50 elementor-inner-column elementor-element elementor-element-221931a\" data-id=\"221931a\" data-element_type=\"column\" data-e-type=\"column\">\n\t\t\t<div class=\"elementor-widget-wrap elementor-element-populated\">\n\t\t\t\t\t\t<div class=\"elementor-element elementor-element-a68913e elementor-widget elementor-widget-image\" data-id=\"a68913e\" data-element_type=\"widget\" data-e-type=\"widget\" data-widget_type=\"image.default\">\n\t\t\t\t<div class=\"elementor-widget-container\">\n\t\t\t\t\t\t\t\t\t\t\t\t\t\t\t<img decoding=\"async\" width=\"640\" height=\"960\" src=\"https:\/\/minhphammakeup.com\/wp-content\/uploads\/2021\/03\/SETPROFILE2-683x1024.jpg\" class=\"attachment-large size-large wp-image-1678\" alt=\"\" srcset=\"https:\/\/minhphammakeup.com\/wp-content\/uploads\/2021\/03\/SETPROFILE2-683x1024.jpg 683w, https:\/\/minhphammakeup.com\/wp-content\/uploads\/2021\/03\/SETPROFILE2-200x300.jpg 200w, https:\/\/minhphammakeup.com\/wp-content\/uploads\/2021\/03\/SETPROFILE2-768x1151.jpg 768w, https:\/\/minhphammakeup.com\/wp-content\/uploads\/2021\/03\/SETPROFILE2-1025x1536.jpg 1025w, https:\/\/minhphammakeup.com\/wp-content\/uploads\/2021\/03\/SETPROFILE2.jpg 1269w\" sizes=\"(max-width: 640px) 100vw, 640px\" \/>\t\t\t\t\t\t\t\t\t\t\t\t\t\t\t<\/div>\n\t\t\t\t<\/div>\n\t\t\t\t\t<\/div>\n\t\t<\/div>\n\t\t\t\t<div class=\"elementor-column elementor-col-50 elementor-inner-column elementor-element elementor-element-7186359\" data-id=\"7186359\" data-element_type=\"column\" data-e-type=\"column\">\n\t\t\t<div class=\"elementor-widget-wrap\">\n\t\t\t\t\t\t\t<\/div>\n\t\t<\/div>\n\t\t\t\t\t<\/div>\n\t\t<\/section>\n\t\t\t\t\t<\/div>\n\t\t<\/div>\n\t\t\t\t\t<\/div>\n\t\t<\/section>\n\t\t\t\t<section class=\"elementor-section elementor-top-section elementor-element elementor-element-54b3aab elementor-section-boxed elementor-section-height-default elementor-section-height-default\" data-id=\"54b3aab\" data-element_type=\"section\" data-e-type=\"section\">\n\t\t\t\t\t\t<div class=\"elementor-container elementor-column-gap-default\">\n\t\t\t\t\t<div class=\"elementor-column elementor-col-100 elementor-top-column elementor-element elementor-element-b19cda1\" data-id=\"b19cda1\" data-element_type=\"column\" data-e-type=\"column\">\n\t\t\t<div class=\"elementor-widget-wrap elementor-element-populated\">\n\t\t\t\t\t\t<div class=\"elementor-element elementor-element-d7d8dc6 elementor-widget elementor-widget-shortcode\" data-id=\"d7d8dc6\" data-element_type=\"widget\" data-e-type=\"widget\" data-widget_type=\"shortcode.default\">\n\t\t\t\t<div class=\"elementor-widget-container\">\n\t\t\t\t\t\t\t<div class=\"elementor-shortcode\"><\/div>\n\t\t\t\t\t\t<\/div>\n\t\t\t\t<\/div>\n\t\t\t\t\t<\/div>\n\t\t<\/div>\n\t\t\t\t\t<\/div>\n\t\t<\/section>\n\t\t\t\t<\/div>\n\t\t","protected":false},"excerpt":{"rendered":"<p>makeup artist MINH PH\u1ea0M Minh Pham is a professional makeup artist based in Hanoi, Vietnam. Since his early years, he found himself growing fond or art and beauty. He started pursuing the field as a designer as soon as 2009 in the age of 19 before discovering his affection and aptitude for the art of [&hellip;]<\/p>\n","protected":false},"author":1,"featured_media":0,"parent":0,"menu_order":0,"comment_status":"closed","ping_status":"closed","template":"redux-templates_contained","meta":{"kk_blocks_editor_width":"","_kiokenblocks_attr":"","_kiokenblocks_dimensions":"","footnotes":""},"class_list":["post-786","page","type-page","status-publish","hentry"],"_links":{"self":[{"href":"https:\/\/minhphammakeup.com\/index.php\/wp-json\/wp\/v2\/pages\/786","targetHints":{"allow":["GET"]}}],"collection":[{"href":"https:\/\/minhphammakeup.com\/index.php\/wp-json\/wp\/v2\/pages"}],"about":[{"href":"https:\/\/minhphammakeup.com\/index.php\/wp-json\/wp\/v2\/types\/page"}],"author":[{"embeddable":true,"href":"https:\/\/minhphammakeup.com\/index.php\/wp-json\/wp\/v2\/users\/1"}],"replies":[{"embeddable":true,"href":"https:\/\/minhphammakeup.com\/index.php\/wp-json\/wp\/v2\/comments?post=786"}],"version-history":[{"count":34,"href":"https:\/\/minhphammakeup.com\/index.php\/wp-json\/wp\/v2\/pages\/786\/revisions"}],"predecessor-version":[{"id":1783,"href":"https:\/\/minhphammakeup.com\/index.php\/wp-json\/wp\/v2\/pages\/786\/revisions\/1783"}],"wp:attachment":[{"href":"https:\/\/minhphammakeup.com\/index.php\/wp-json\/wp\/v2\/media?parent=786"}],"curies":[{"name":"wp","href":"https:\/\/api.w.org\/{rel}","templated":true}]}}